{"id":793,"date":"2024-02-20T14:02:15","date_gmt":"2024-02-20T14:02:15","guid":{"rendered":"https:\/\/promoaviles.net\/2024\/?post_type=product&#038;p=793"},"modified":"2024-03-22T21:17:27","modified_gmt":"2024-03-22T21:17:27","slug":"un-suenio-hecho-realidad","status":"publish","type":"product","link":"https:\/\/promoaviles.net\/2024\/product\/un-suenio-hecho-realidad\/","title":{"rendered":"Un Sue\u00f1o Hecho Realidad"},"content":{"rendered":"<p>En la narraci\u00f3n de los hechos y sucesos de UN SUE\u00d1O HECHO REALIDAD, el narrador va contando la forma injusta como los terratenientes explotan al campesinado, algunos aspectos hist\u00f3rico-pol\u00edticos de orden nacional, departamental y regional. Muestra los estragos que ocasiona la explotaci\u00f3n minera, la situaci\u00f3n que vive la regi\u00f3n por culpa de la guerrilla y dem\u00e1s grupos delincuenciales que tienen presencia en las regiones donde se desarrollan los hechos. Habla de la descomposici\u00f3n social que se origina en esas regiones por el narcotr\u00e1fico y el dinero proveniente de la miner\u00eda legal e ilegal.<\/p>\n<p>Muestra el desarrollo de las diferentes fuerzas sindicales de la regi\u00f3n, la manera c\u00f3mo se ha desarrollado la lucha del magisterio antioque\u00f1o, hasta alcanzar la unidad sindical en primaria y secundaria.<br \/>\nIgualmente, UN SUE\u00d1O HECHO REALIDAD cuenta las relaciones del personaje con su pareja desde el noviazgo en la secundaria, hasta cuando logran tener una familia bien constituida y una libertad financiera bien definida.<\/p>\n<p>Finalmente, el personaje central plantea una concepci\u00f3n acerca de las etapas de la vida y de c\u00f3mo vivir mejor, da una serie de recomendaciones para que todos puedan lograr las metas que se propongan, hace una invitaci\u00f3n a seguir so\u00f1ando y\u2026poder decir: UN SUE\u00d1O HECHO REALIDAD.<\/p>\n","protected":false},"excerpt":{"rendered":"<p>El libro UN SUE\u00d1O HECHO REALIDAD. Frutos del Esfuerzo y la superaci\u00f3n es una novela sobre la vida de un ni\u00f1o que nace en un hogar muy pobre y con muchas limitaciones f\u00edsicas. Un narrador omnisciente cuenta la vida de un menor, desde su infancia hasta cuando llega a ser una persona adulta, con una gran formaci\u00f3n acad\u00e9mica, con una familia bien constituida y con buenos recursos econ\u00f3micos.<\/p>\n[button id=\"cf464be3d177d3da1bbc80b5ec987eb6\" label=\"Amazon.com\" button_type=\"{\u2039\u00b2\u203abutton_type_select\u2039\u00b2\u203a:\u2039\u00b2\u203anormal_button\u2039\u00b2\u203a,\u2039\u00b2\u203anormal_button\u2039\u00b2\u203a:{\u2039\u00b2\u203alink\u2039\u00b2\u203a:\u2039\u00b2\u203ahttps:\/\/www.amazon.com\/Manuel-Jes%C3%BAs-Avil%C3%A9s-Mart%C3%ADnez-ebook\/dp\/B0B7FF7VWW?ref_\u2039\u00b4\u203aast_author_dp\u2039\u00b2\u203a,\u2039\u00b2\u203atarget\u2039\u00b2\u203a:\u2039\u00b2\u203a_blank\u2039\u00b2\u203a},\u2039\u00b2\u203aproduct_button\u2039\u00b2\u203a:{\u2039\u00b2\u203aproduct\u2039\u00b2\u203a:\u2039\u00b2\u203a\u2039\u00b2\u203a,\u2039\u00b2\u203aproduct_button_type\u2039\u00b2\u203a:\u2039\u00b2\u203abuy\u2039\u00b2\u203a}}\" color=\"normal\" hide_on_desktop=\"false\" hide_on_mobile=\"false\" animation_on_scroll=\"{\u2039\u00b2\u203aanimation_enable\u2039\u00b2\u203a:\u2039\u00b2\u203ano\u2039\u00b2\u203a,\u2039\u00b2\u203ayes\u2039\u00b2\u203a:{\u2039\u00b2\u203aanimation_type\u2039\u00b2\u203a:\u2039\u00b2\u203afadeIn\u2039\u00b2\u203a,\u2039\u00b2\u203aanimation_delay\u2039\u00b2\u203a:\u2039\u00b2\u203a0\u2039\u00b2\u203a}}\" __fw_editor_shortcodes_id=\"df8e4b230b22ef70bf0301ed43b97f1e\" _array_keys=\"{\u2039\u00b2\u203abutton_type\u2039\u00b2\u203a:\u2039\u00b2\u203abutton_type\u2039\u00b2\u203a,\u2039\u00b2\u203aanimation_on_scroll\u2039\u00b2\u203a:\u2039\u00b2\u203aanimation_on_scroll\u2039\u00b2\u203a}\" _fw_coder=\"aggressive\"][\/button]\n","protected":false},"featured_media":1004,"comment_status":"closed","ping_status":"closed","template":"","meta":{"om_disable_all_campaigns":false,"_monsterinsights_skip_tracking":false,"_monsterinsights_sitenote_active":false,"_monsterinsights_sitenote_note":"","_monsterinsights_sitenote_category":0,"_uf_show_specific_survey":0,"_uf_disable_surveys":false},"product_brand":[],"product_cat":[17],"product_tag":[],"class_list":{"0":"post-793","1":"product","2":"type-product","3":"status-publish","4":"has-post-thumbnail","6":"product_cat-literatura","8":"first","9":"instock","10":"taxable","11":"shipping-taxable","12":"product-type-external"},"acf":[],"aioseo_notices":[],"_links":{"self":[{"href":"https:\/\/promoaviles.net\/2024\/wp-json\/wp\/v2\/product\/793","targetHints":{"allow":["GET"]}}],"collection":[{"href":"https:\/\/promoaviles.net\/2024\/wp-json\/wp\/v2\/product"}],"about":[{"href":"https:\/\/promoaviles.net\/2024\/wp-json\/wp\/v2\/types\/product"}],"replies":[{"embeddable":true,"href":"https:\/\/promoaviles.net\/2024\/wp-json\/wp\/v2\/comments?post=793"}],"wp:featuredmedia":[{"embeddable":true,"href":"https:\/\/promoaviles.net\/2024\/wp-json\/wp\/v2\/media\/1004"}],"wp:attachment":[{"href":"https:\/\/promoaviles.net\/2024\/wp-json\/wp\/v2\/media?parent=793"}],"wp:term":[{"taxonomy":"product_brand","embeddable":true,"href":"https:\/\/promoaviles.net\/2024\/wp-json\/wp\/v2\/product_brand?post=793"},{"taxonomy":"product_cat","embeddable":true,"href":"https:\/\/promoaviles.net\/2024\/wp-json\/wp\/v2\/product_cat?post=793"},{"taxonomy":"product_tag","embeddable":true,"href":"https:\/\/promoaviles.net\/2024\/wp-json\/wp\/v2\/product_tag?post=793"}],"curies":[{"name":"wp","href":"https:\/\/api.w.org\/{rel}","templated":true}]}}