{"id":791,"date":"2024-02-20T13:59:22","date_gmt":"2024-02-20T13:59:22","guid":{"rendered":"https:\/\/promoaviles.net\/2024\/?post_type=product&#038;p=791"},"modified":"2024-03-22T21:19:21","modified_gmt":"2024-03-22T21:19:21","slug":"el-poder-para-que","status":"publish","type":"product","link":"https:\/\/promoaviles.net\/2024\/product\/el-poder-para-que\/","title":{"rendered":"El Poder para qu\u00e9"},"content":{"rendered":"","protected":false},"excerpt":{"rendered":"<p>El Poder para Qu\u00e9 es un libro que analiza la forma c\u00f3mo se maneja el poder pol\u00edtico; se muestra c\u00f3mo una clase social ejerce el poder sobre toda la comunidad; de igual manera plantea reflexiones sobre las sutilezas y artima\u00f1as que emplea el poder para dominar y perpetuarse en el mismo, haciendo ver como si existiera una democracia, cuando en el fondo lo que existe es una seudodemocracia o plutocracia.<\/p>\n[button id=\"cf464be3d177d3da1bbc80b5ec987eb6\" label=\"Amazon.com\" button_type=\"{\u2039\u00b2\u203abutton_type_select\u2039\u00b2\u203a:\u2039\u00b2\u203anormal_button\u2039\u00b2\u203a,\u2039\u00b2\u203anormal_button\u2039\u00b2\u203a:{\u2039\u00b2\u203alink\u2039\u00b2\u203a:\u2039\u00b2\u203ahttps:\/\/www.amazon.com\/Manuel-Jes%C3%BAs-Avil%C3%A9s-Mart%C3%ADnez-ebook\/dp\/B08W23R43L?ref_\u2039\u00b4\u203aast_author_dp\u2039\u00b2\u203a,\u2039\u00b2\u203atarget\u2039\u00b2\u203a:\u2039\u00b2\u203a_blank\u2039\u00b2\u203a},\u2039\u00b2\u203aproduct_button\u2039\u00b2\u203a:{\u2039\u00b2\u203aproduct\u2039\u00b2\u203a:\u2039\u00b2\u203a\u2039\u00b2\u203a,\u2039\u00b2\u203aproduct_button_type\u2039\u00b2\u203a:\u2039\u00b2\u203abuy\u2039\u00b2\u203a}}\" color=\"normal\" hide_on_desktop=\"false\" hide_on_mobile=\"false\" animation_on_scroll=\"{\u2039\u00b2\u203aanimation_enable\u2039\u00b2\u203a:\u2039\u00b2\u203ano\u2039\u00b2\u203a,\u2039\u00b2\u203ayes\u2039\u00b2\u203a:{\u2039\u00b2\u203aanimation_type\u2039\u00b2\u203a:\u2039\u00b2\u203afadeIn\u2039\u00b2\u203a,\u2039\u00b2\u203aanimation_delay\u2039\u00b2\u203a:\u2039\u00b2\u203a0\u2039\u00b2\u203a}}\" __fw_editor_shortcodes_id=\"df8e4b230b22ef70bf0301ed43b97f1e\" _array_keys=\"{\u2039\u00b2\u203abutton_type\u2039\u00b2\u203a:\u2039\u00b2\u203abutton_type\u2039\u00b2\u203a,\u2039\u00b2\u203aanimation_on_scroll\u2039\u00b2\u203a:\u2039\u00b2\u203aanimation_on_scroll\u2039\u00b2\u203a}\" _fw_coder=\"aggressive\"][\/button]\n","protected":false},"featured_media":1005,"comment_status":"closed","ping_status":"closed","template":"","meta":{"om_disable_all_campaigns":false,"_monsterinsights_skip_tracking":false,"_monsterinsights_sitenote_active":false,"_monsterinsights_sitenote_note":"","_monsterinsights_sitenote_category":0,"_uf_show_specific_survey":0,"_uf_disable_surveys":false},"product_brand":[],"product_cat":[77],"product_tag":[],"class_list":{"0":"post-791","1":"product","2":"type-product","3":"status-publish","4":"has-post-thumbnail","6":"product_cat-ensayo","8":"first","9":"instock","10":"taxable","11":"shipping-taxable","12":"product-type-external"},"acf":[],"aioseo_notices":[],"_links":{"self":[{"href":"https:\/\/promoaviles.net\/2024\/wp-json\/wp\/v2\/product\/791","targetHints":{"allow":["GET"]}}],"collection":[{"href":"https:\/\/promoaviles.net\/2024\/wp-json\/wp\/v2\/product"}],"about":[{"href":"https:\/\/promoaviles.net\/2024\/wp-json\/wp\/v2\/types\/product"}],"replies":[{"embeddable":true,"href":"https:\/\/promoaviles.net\/2024\/wp-json\/wp\/v2\/comments?post=791"}],"wp:featuredmedia":[{"embeddable":true,"href":"https:\/\/promoaviles.net\/2024\/wp-json\/wp\/v2\/media\/1005"}],"wp:attachment":[{"href":"https:\/\/promoaviles.net\/2024\/wp-json\/wp\/v2\/media?parent=791"}],"wp:term":[{"taxonomy":"product_brand","embeddable":true,"href":"https:\/\/promoaviles.net\/2024\/wp-json\/wp\/v2\/product_brand?post=791"},{"taxonomy":"product_cat","embeddable":true,"href":"https:\/\/promoaviles.net\/2024\/wp-json\/wp\/v2\/product_cat?post=791"},{"taxonomy":"product_tag","embeddable":true,"href":"https:\/\/promoaviles.net\/2024\/wp-json\/wp\/v2\/product_tag?post=791"}],"curies":[{"name":"wp","href":"https:\/\/api.w.org\/{rel}","templated":true}]}}