{"id":128,"date":"2017-08-07T12:38:09","date_gmt":"2017-08-07T12:38:09","guid":{"rendered":"https:\/\/promoaviles.net\/2024\/?post_type=product&#038;p=128"},"modified":"2024-03-22T21:17:58","modified_gmt":"2024-03-22T21:17:58","slug":"cuentos-relatos","status":"publish","type":"product","link":"https:\/\/promoaviles.net\/2024\/product\/cuentos-relatos\/","title":{"rendered":"Cuentos y Relatos"},"content":{"rendered":"<p>En \u00e9pocas anteriores, la lectura fue un privilegio de pocos, hoy es un bien que se ha popularizado en casi todo el mundo, espec\u00edficamente en el mundo occidental. Ejercitarla acerca a las personas, les ayuda a compartir ideas, conocimientos y a comprender la realidad, y las convierte en entes verdaderamente hist\u00f3ricos.<\/p>\n<p>No desperdicies la oportunidad de una buena lectura, tu futuro te lo agradecer\u00e1. Una de ellas es el libro que tienes en tus manos o en alg\u00fan dispositivo electr\u00f3nico que poseas.<\/p>\n<p>All\u00ed vas a encontrar quince lecturas amenas, que te llevar\u00e1n a la infancia, a la actualidad y a hechos pasados, los cuales, dependiendo de tu edad podr\u00e1s confrontar o conocer; adem\u00e1s, puedes sentir y vivir momentos emocionales que te har\u00e1n sentir miedo, angustia, a vivir situaciones ps\u00edquicas especiales y a conocer casos que talvez ignorabas.<\/p>\n","protected":false},"excerpt":{"rendered":"<p>En el libro <em><strong>Cuentos y Relatos. Entre la Ficci\u00f3n y la Realidad<\/strong><\/em> vas a deleitarte con las experiencias que a continuaci\u00f3n ampl\u00edo un poco. S\u00e9 que te encantar\u00e1<\/p>\n[button id=\"ace8e6f0b938139e55597f2101d9c80d\" label=\"Amazon.com\" button_type=\"{\u2039\u00b2\u203abutton_type_select\u2039\u00b2\u203a:\u2039\u00b2\u203anormal_button\u2039\u00b2\u203a,\u2039\u00b2\u203anormal_button\u2039\u00b2\u203a:{\u2039\u00b2\u203alink\u2039\u00b2\u203a:\u2039\u00b2\u203ahttps:\/\/www.amazon.com\/Manuel-Jes%C3%BAs-Avil%C3%A9s-Mart%C3%ADnez-ebook\/dp\/B0BSDP43R3?ref_\u2039\u00b4\u203aast_author_dp\u2039\u00b2\u203a,\u2039\u00b2\u203atarget\u2039\u00b2\u203a:\u2039\u00b2\u203a_blank\u2039\u00b2\u203a},\u2039\u00b2\u203aproduct_button\u2039\u00b2\u203a:{\u2039\u00b2\u203aproduct\u2039\u00b2\u203a:\u2039\u00b2\u203a\u2039\u00b2\u203a,\u2039\u00b2\u203aproduct_button_type\u2039\u00b2\u203a:\u2039\u00b2\u203abuy\u2039\u00b2\u203a}}\" color=\"normal\" hide_on_desktop=\"false\" hide_on_mobile=\"false\" animation_on_scroll=\"{\u2039\u00b2\u203aanimation_enable\u2039\u00b2\u203a:\u2039\u00b2\u203ano\u2039\u00b2\u203a,\u2039\u00b2\u203ayes\u2039\u00b2\u203a:{\u2039\u00b2\u203aanimation_type\u2039\u00b2\u203a:\u2039\u00b2\u203afadeIn\u2039\u00b2\u203a,\u2039\u00b2\u203aanimation_delay\u2039\u00b2\u203a:\u2039\u00b2\u203a0\u2039\u00b2\u203a}}\" __fw_editor_shortcodes_id=\"e41d903b50a2643ce4715afebb87bb91\" _array_keys=\"{\u2039\u00b2\u203abutton_type\u2039\u00b2\u203a:\u2039\u00b2\u203abutton_type\u2039\u00b2\u203a,\u2039\u00b2\u203aanimation_on_scroll\u2039\u00b2\u203a:\u2039\u00b2\u203aanimation_on_scroll\u2039\u00b2\u203a}\" _fw_coder=\"aggressive\"][\/button]\n","protected":false},"featured_media":1007,"comment_status":"closed","ping_status":"closed","template":"","meta":{"om_disable_all_campaigns":false,"_monsterinsights_skip_tracking":false,"_monsterinsights_sitenote_active":false,"_monsterinsights_sitenote_note":"","_monsterinsights_sitenote_category":0,"_uf_show_specific_survey":0,"_uf_disable_surveys":false},"product_brand":[],"product_cat":[17],"product_tag":[],"class_list":{"0":"post-128","1":"product","2":"type-product","3":"status-publish","4":"has-post-thumbnail","6":"product_cat-literatura","8":"first","9":"instock","10":"taxable","11":"shipping-taxable","12":"product-type-external"},"acf":[],"aioseo_notices":[],"_links":{"self":[{"href":"https:\/\/promoaviles.net\/2024\/wp-json\/wp\/v2\/product\/128","targetHints":{"allow":["GET"]}}],"collection":[{"href":"https:\/\/promoaviles.net\/2024\/wp-json\/wp\/v2\/product"}],"about":[{"href":"https:\/\/promoaviles.net\/2024\/wp-json\/wp\/v2\/types\/product"}],"replies":[{"embeddable":true,"href":"https:\/\/promoaviles.net\/2024\/wp-json\/wp\/v2\/comments?post=128"}],"wp:featuredmedia":[{"embeddable":true,"href":"https:\/\/promoaviles.net\/2024\/wp-json\/wp\/v2\/media\/1007"}],"wp:attachment":[{"href":"https:\/\/promoaviles.net\/2024\/wp-json\/wp\/v2\/media?parent=128"}],"wp:term":[{"taxonomy":"product_brand","embeddable":true,"href":"https:\/\/promoaviles.net\/2024\/wp-json\/wp\/v2\/product_brand?post=128"},{"taxonomy":"product_cat","embeddable":true,"href":"https:\/\/promoaviles.net\/2024\/wp-json\/wp\/v2\/product_cat?post=128"},{"taxonomy":"product_tag","embeddable":true,"href":"https:\/\/promoaviles.net\/2024\/wp-json\/wp\/v2\/product_tag?post=128"}],"curies":[{"name":"wp","href":"https:\/\/api.w.org\/{rel}","templated":true}]}}