{"id":1269,"date":"2025-01-15T13:13:32","date_gmt":"2025-01-15T13:13:32","guid":{"rendered":"https:\/\/promoaviles.net\/2024\/?post_type=product&#038;p=1269"},"modified":"2025-01-15T13:26:41","modified_gmt":"2025-01-15T13:26:41","slug":"escribe-tu-libro-como-escribir-una-novela-cautivadora","status":"publish","type":"product","link":"https:\/\/promoaviles.net\/2024\/product\/escribe-tu-libro-como-escribir-una-novela-cautivadora\/","title":{"rendered":"ESCRIBE TU LIBRO: C\u00f3mo escribir una novela cautivadora"},"content":{"rendered":"<p>\u00bfTienes una historia que te gustar\u00eda ver publicada? <strong>ESCRIBE TULIBRO: C\u00f3mo escribir una novela cautivadora<\/strong> es la gu\u00eda completa que te llevar\u00e1 paso a paso hacia la creaci\u00f3n de una novela inolvidable.<\/p>\n<p>Pensado tanto para quienes empiezan a escribir como para aquellos con aspiraciones profesionales, este libro aborda de forma clara y accesible los fundamentos esenciales de la narrativa. Aprender\u00e1s c\u00f3mo desarrollar personajes complejos, construir tramas absorbentes y dotar de autenticidad cada di\u00e1logo y escena.<\/p>\n<p>Esta obra pedag\u00f3gica y pr\u00e1ctica tambi\u00e9n desvela los errores m\u00e1s comunes de los escritores noveles y c\u00f3mo evitarlos, garantizando que tu historia tenga el impacto que deseas<\/p>\n","protected":false},"excerpt":{"rendered":"<p>\u00bfTienes una historia que te gustar\u00eda ver publicada? <strong>ESCRIBE TULIBRO: C\u00f3mo escribir una novela cautivadora<\/strong> es la gu\u00eda completa que te llevar\u00e1 paso a paso hacia la creaci\u00f3n de una novela inolvidable.<\/p>\n[button id=\"cf464be3d177d3da1bbc80b5ec987eb6\" label=\"Amazon.com\" button_type=\"{\u2039\u00b2\u203abutton_type_select\u2039\u00b2\u203a:\u2039\u00b2\u203anormal_button\u2039\u00b2\u203a,\u2039\u00b2\u203anormal_button\u2039\u00b2\u203a:{\u2039\u00b2\u203alink\u2039\u00b2\u203a:\u2039\u00b2\u203ahttps:\/\/www.amazon.com\/dp\/B0DS8XK4YD\u2039\u00b2\u203a,\u2039\u00b2\u203atarget\u2039\u00b2\u203a:\u2039\u00b2\u203a_blank\u2039\u00b2\u203a},\u2039\u00b2\u203aproduct_button\u2039\u00b2\u203a:{\u2039\u00b2\u203aproduct\u2039\u00b2\u203a:\u2039\u00b2\u203a\u2039\u00b2\u203a,\u2039\u00b2\u203aproduct_button_type\u2039\u00b2\u203a:\u2039\u00b2\u203abuy\u2039\u00b2\u203a}}\" color=\"normal\" hide_on_desktop=\"false\" hide_on_mobile=\"false\" animation_on_scroll=\"{\u2039\u00b2\u203aanimation_enable\u2039\u00b2\u203a:\u2039\u00b2\u203ano\u2039\u00b2\u203a,\u2039\u00b2\u203ayes\u2039\u00b2\u203a:{\u2039\u00b2\u203aanimation_type\u2039\u00b2\u203a:\u2039\u00b2\u203afadeIn\u2039\u00b2\u203a,\u2039\u00b2\u203aanimation_delay\u2039\u00b2\u203a:\u2039\u00b2\u203a0\u2039\u00b2\u203a}}\" __fw_editor_shortcodes_id=\"df8e4b230b22ef70bf0301ed43b97f1e\" _array_keys=\"{\u2039\u00b2\u203abutton_type\u2039\u00b2\u203a:\u2039\u00b2\u203abutton_type\u2039\u00b2\u203a,\u2039\u00b2\u203aanimation_on_scroll\u2039\u00b2\u203a:\u2039\u00b2\u203aanimation_on_scroll\u2039\u00b2\u203a}\" _fw_coder=\"aggressive\"][\/button]\n","protected":false},"featured_media":1263,"comment_status":"closed","ping_status":"closed","template":"","meta":{"om_disable_all_campaigns":false,"_monsterinsights_skip_tracking":false,"_monsterinsights_sitenote_active":false,"_monsterinsights_sitenote_note":"","_monsterinsights_sitenote_category":0,"_uf_show_specific_survey":0,"_uf_disable_surveys":false},"product_brand":[],"product_cat":[17],"product_tag":[],"class_list":{"0":"post-1269","1":"product","2":"type-product","3":"status-publish","4":"has-post-thumbnail","6":"product_cat-literatura","8":"first","9":"instock","10":"taxable","11":"shipping-taxable","12":"product-type-external"},"acf":[],"aioseo_notices":[],"_links":{"self":[{"href":"https:\/\/promoaviles.net\/2024\/wp-json\/wp\/v2\/product\/1269","targetHints":{"allow":["GET"]}}],"collection":[{"href":"https:\/\/promoaviles.net\/2024\/wp-json\/wp\/v2\/product"}],"about":[{"href":"https:\/\/promoaviles.net\/2024\/wp-json\/wp\/v2\/types\/product"}],"replies":[{"embeddable":true,"href":"https:\/\/promoaviles.net\/2024\/wp-json\/wp\/v2\/comments?post=1269"}],"wp:featuredmedia":[{"embeddable":true,"href":"https:\/\/promoaviles.net\/2024\/wp-json\/wp\/v2\/media\/1263"}],"wp:attachment":[{"href":"https:\/\/promoaviles.net\/2024\/wp-json\/wp\/v2\/media?parent=1269"}],"wp:term":[{"taxonomy":"product_brand","embeddable":true,"href":"https:\/\/promoaviles.net\/2024\/wp-json\/wp\/v2\/product_brand?post=1269"},{"taxonomy":"product_cat","embeddable":true,"href":"https:\/\/promoaviles.net\/2024\/wp-json\/wp\/v2\/product_cat?post=1269"},{"taxonomy":"product_tag","embeddable":true,"href":"https:\/\/promoaviles.net\/2024\/wp-json\/wp\/v2\/product_tag?post=1269"}],"curies":[{"name":"wp","href":"https:\/\/api.w.org\/{rel}","templated":true}]}}