{"id":1129,"date":"2024-06-18T21:05:24","date_gmt":"2024-06-18T21:05:24","guid":{"rendered":"https:\/\/promoaviles.net\/2024\/?post_type=product&#038;p=1129"},"modified":"2024-06-18T21:27:40","modified_gmt":"2024-06-18T21:27:40","slug":"la-senda-del-escritor","status":"publish","type":"product","link":"https:\/\/promoaviles.net\/2024\/product\/la-senda-del-escritor\/","title":{"rendered":"La senda del escritor"},"content":{"rendered":"<p>El <strong>prop\u00f3sito<\/strong> <strong>principal<\/strong> de \u2018<strong>La Senda del Escritor<\/strong>\u2019 es proporcionar una gu\u00eda exhaustiva y pr\u00e1ctica que acompa\u00f1e al escritor desde la concepci\u00f3n de la idea hasta la publicaci\u00f3n final de su obra. Con una atenci\u00f3n meticulosa a los detalles y un enfoque estructurado, esta gu\u00eda se convierte en una herramienta indispensable para aquellos que desean transformar sus pensamientos y relatos en libros publicados.<\/p>\n<p>El p\u00fablico objetivo de esta gu\u00eda abarca desde quienes est\u00e1n dando sus primeros<strong> pasos en la escritura<\/strong> hasta aquellos que ya tienen experiencia, pero buscan mejorar sus habilidades y conocimientos sobre el proceso editorial. La claridad con la que se presentan los temas y la practicidad de los consejos hacen que \u2018La Senda del Escritor\u2019 sea accesible y valiosa para una amplia gama de lectores.<\/p>\n<p>Contar con una gu\u00eda estructurada es de suma importancia en el camino de la escritura y publicaci\u00f3n. Muchas veces, los escritores enfrentan obst\u00e1culos que pueden parecer insuperables sin la orientaci\u00f3n adecuada. \u2018La Senda del Escritor\u2019 no solo ilumina el camino, sino que tambi\u00e9n proporciona las herramientas necesarias para sortear estos desaf\u00edos con confianza y precisi\u00f3n. En definitiva, este libro no es solo una gu\u00eda, sino un compa\u00f1ero fiel en el viaje literario.<\/p>\n","protected":false},"excerpt":{"rendered":"<p>La Senda del Escritor: Gu\u00eda Pr\u00e1ctica para Escribir y Publicar un Libro\u2019 es una obra pensada para ser una br\u00fajula en el vasto y, a menudo, complicado mundo de la escritura y la publicaci\u00f3n. Este libro, de gran relevancia para aspirantes a escritores y escritores noveles, ofrece una estructura clara y concisa que facilita la comprensi\u00f3n de cada etapa del proceso creativo y editorial.<\/p>\n[button id=\"cf464be3d177d3da1bbc80b5ec987eb6\" label=\"Amazon.com\" button_type=\"{\u2039\u00b2\u203abutton_type_select\u2039\u00b2\u203a:\u2039\u00b2\u203anormal_button\u2039\u00b2\u203a,\u2039\u00b2\u203anormal_button\u2039\u00b2\u203a:{\u2039\u00b2\u203alink\u2039\u00b2\u203a:\u2039\u00b2\u203ahttps:\/\/www.amazon.com\/SENDA-DEL-ESCRITOR-pr%C3%A1ctica-escribir-ebook\/dp\/B0D6TC885M\/ref\u2039\u00b4\u203asr_1_1?crid\u2039\u00b4\u203aUPHL3FTTX9XN\u2039\u00af\u203aamp\u2039\u00af\u203adib\u2039\u00b4\u203aeyJ2IjoiMSJ9.PCnPXU7CUsWVSZCNxFNUPA.Htv5y7QMBxVNEYqGlWK7jrBRvt0AUyIaRTrTUfDYw2U\u2039\u00af\u203aamp\u2039\u00af\u203adib_tag\u2039\u00b4\u203ase\u2039\u00af\u203aamp\u2039\u00af\u203akeywords\u2039\u00b4\u203aLA+SENDA+DEL+ESCRITOR.+Gu%C3%ADa+pr%C\u2039\u00b2\u203a,\u2039\u00b2\u203atarget\u2039\u00b2\u203a:\u2039\u00b2\u203a_blank\u2039\u00b2\u203a},\u2039\u00b2\u203aproduct_button\u2039\u00b2\u203a:{\u2039\u00b2\u203aproduct\u2039\u00b2\u203a:\u2039\u00b2\u203a\u2039\u00b2\u203a,\u2039\u00b2\u203aproduct_button_type\u2039\u00b2\u203a:\u2039\u00b2\u203abuy\u2039\u00b2\u203a}}\" color=\"normal\" hide_on_desktop=\"false\" hide_on_mobile=\"false\" animation_on_scroll=\"{\u2039\u00b2\u203aanimation_enable\u2039\u00b2\u203a:\u2039\u00b2\u203ano\u2039\u00b2\u203a,\u2039\u00b2\u203ayes\u2039\u00b2\u203a:{\u2039\u00b2\u203aanimation_type\u2039\u00b2\u203a:\u2039\u00b2\u203afadeIn\u2039\u00b2\u203a,\u2039\u00b2\u203aanimation_delay\u2039\u00b2\u203a:\u2039\u00b2\u203a0\u2039\u00b2\u203a}}\" __fw_editor_shortcodes_id=\"df8e4b230b22ef70bf0301ed43b97f1e\" _array_keys=\"{\u2039\u00b2\u203abutton_type\u2039\u00b2\u203a:\u2039\u00b2\u203abutton_type\u2039\u00b2\u203a,\u2039\u00b2\u203aanimation_on_scroll\u2039\u00b2\u203a:\u2039\u00b2\u203aanimation_on_scroll\u2039\u00b2\u203a}\" _fw_coder=\"aggressive\"][\/button]\n","protected":false},"featured_media":1120,"comment_status":"closed","ping_status":"closed","template":"","meta":{"om_disable_all_campaigns":false,"_monsterinsights_skip_tracking":false,"_monsterinsights_sitenote_active":false,"_monsterinsights_sitenote_note":"","_monsterinsights_sitenote_category":0,"_uf_show_specific_survey":0,"_uf_disable_surveys":false},"product_brand":[],"product_cat":[17],"product_tag":[],"class_list":{"0":"post-1129","1":"product","2":"type-product","3":"status-publish","4":"has-post-thumbnail","6":"product_cat-literatura","8":"first","9":"instock","10":"taxable","11":"shipping-taxable","12":"product-type-external"},"acf":[],"aioseo_notices":[],"_links":{"self":[{"href":"https:\/\/promoaviles.net\/2024\/wp-json\/wp\/v2\/product\/1129","targetHints":{"allow":["GET"]}}],"collection":[{"href":"https:\/\/promoaviles.net\/2024\/wp-json\/wp\/v2\/product"}],"about":[{"href":"https:\/\/promoaviles.net\/2024\/wp-json\/wp\/v2\/types\/product"}],"replies":[{"embeddable":true,"href":"https:\/\/promoaviles.net\/2024\/wp-json\/wp\/v2\/comments?post=1129"}],"wp:featuredmedia":[{"embeddable":true,"href":"https:\/\/promoaviles.net\/2024\/wp-json\/wp\/v2\/media\/1120"}],"wp:attachment":[{"href":"https:\/\/promoaviles.net\/2024\/wp-json\/wp\/v2\/media?parent=1129"}],"wp:term":[{"taxonomy":"product_brand","embeddable":true,"href":"https:\/\/promoaviles.net\/2024\/wp-json\/wp\/v2\/product_brand?post=1129"},{"taxonomy":"product_cat","embeddable":true,"href":"https:\/\/promoaviles.net\/2024\/wp-json\/wp\/v2\/product_cat?post=1129"},{"taxonomy":"product_tag","embeddable":true,"href":"https:\/\/promoaviles.net\/2024\/wp-json\/wp\/v2\/product_tag?post=1129"}],"curies":[{"name":"wp","href":"https:\/\/api.w.org\/{rel}","templated":true}]}}