{"id":1018,"date":"2024-03-20T17:09:19","date_gmt":"2024-03-20T17:09:19","guid":{"rendered":"https:\/\/promoaviles.net\/2024\/?page_id=1018"},"modified":"2024-03-22T22:16:47","modified_gmt":"2024-03-22T22:16:47","slug":"como-comprar","status":"publish","type":"page","link":"https:\/\/promoaviles.net\/2024\/como-comprar\/","title":{"rendered":"\u00bfC\u00f3mo comprar?"},"content":{"rendered":"<p>\r\n<section class=\"pos-r  \"  id=\"shortcode-faab213a51f79ebc028d4679a7b57cee\" >\r\n\t\t<div class=\"fw-container\">\r\n\t\t<div class=\"fw-row\">\r\n\t\t\t<div class=\"SpecialHeading fw-heading  text-center mt-20 mb-60  \" id=\"shortcode-20e30d81287f4c5be1a83ebc91dbfe19\" >\r\n\t\t\t\t\t<h1 class=\"special-title special-heading-letter\">\u00bfC\u00f3mo comprar?<\/h1>\t<\/div>\t\t<\/div>\r\n\t<\/div>\r\n\t<\/section>\r\n\r\n<section class=\"pos-r  \"  id=\"shortcode-ee94b966436d3e46f7210d3bc65ffc2e\" >\r\n\t\t<div class=\"fw-container\">\r\n\t\t<div class=\"fw-row\">\r\n\t\t\t\r\n\r\n<div class=\"TextBlock  \" id=\"shortcode-52b1fca7009b843c7100b428d9f3d3c7\" >\r\n\t<p><strong>Instrucciones para la compra:<\/strong><\/p><h2><strong>Exclusivo para Colombia<\/strong><\/h2><p>Para realizar la compra de nuestros libros, debes consigna o transferir a la cuenta de ahorros de <strong>Bancolombia<\/strong> No <strong>371-629808-75<\/strong> a nombre de <strong>Manuel de Jes\u00fas Avil\u00e9s Mart\u00ednez.<\/strong><\/p><p>Si deseas adquirir un solo libro, consignas el varlor de $4.000 (Cuatro mil pesos MCTE).<\/p><p>Si estas interesado en el Pack de 4 libros, consignas el valor de $12.000 (Doce mil pesos MCTE).<\/p><p>Luego de consignar, debes enviar el recibo de consignaci\u00f3n al <strong>WhatsApp<\/strong> No. <strong>+57 3124682745<\/strong> con tus datos de contacto. (nombre completo, el correo electr\u00f3nico o el n\u00famero del WhatsApp). Si es un libro,\u00a0 anota el nombre del libro deseado.<\/p><p>Enviaremos tu pedido en menos de cuarenta y ocho horas.<\/p><p><strong>Gracias por tu compra.<\/strong><\/p><\/div>\t\t<\/div>\r\n\t<\/div>\r\n\t<\/section>\r\n\r\n<section class=\"pos-r  \"  id=\"shortcode-358c96022442f4f71d49b8d62c6d12de\" >\r\n\t\t<div class=\"fw-container\">\r\n\t\t<div class=\"fw-row\">\r\n\t\t\t<div id=\"shortcode-95d4ba21ff300f8cfcb62028fc61b3c4\" class=\"fw-col-xs-12 fw-col-sm-12 fw-col-md-12 text-left \" >\r\n\t<div class=\"SpecialHeading fw-heading  text-center mt-20 mb-60  \" id=\"shortcode-8b3a4085c2b07e352a0f928574329b85\" >\r\n\t\t\t\t\t<h2 class=\"special-title special-heading-letter\">Libros disponibles<\/h2>\t<\/div>\r\n\r\n<div class=\"FeaturedBooks  \" id=\"shortcode-c0a0fb854aaeac053072ffb2049ec7f0\" >\r\n\t\r\n\t<div class=\"featured-books-container\">\r\n\r\n\t<div class=\"woocommerce columns-4 \"><ul class=\"products columns-4\">\r\n<li class=\"product type-product post-128 status-publish first instock product_cat-literatura has-post-thumbnail taxable shipping-taxable product-type-external\">\n\t<a href=\"https:\/\/promoaviles.net\/2024\/product\/cuentos-relatos\/\" class=\"woocommerce-LoopProduct-link\"><div class=\"loopProduct-image-wrap\"><div class=\"loopProduct-shadow\"><\/div><img loading=\"lazy\" decoding=\"async\" width=\"466\" height=\"700\" src=\"https:\/\/promoaviles.net\/2024\/wp-content\/uploads\/2017\/08\/cuentos-y-relatos3-466x700.jpg\" class=\"attachment-odrin_medium_soft size-odrin_medium_soft\" alt=\"Cuentos y relatos\" srcset=\"https:\/\/promoaviles.net\/2024\/wp-content\/uploads\/2017\/08\/cuentos-y-relatos3-466x700.jpg 466w, https:\/\/promoaviles.net\/2024\/wp-content\/uploads\/2017\/08\/cuentos-y-relatos3-200x300.jpg 200w, https:\/\/promoaviles.net\/2024\/wp-content\/uploads\/2017\/08\/cuentos-y-relatos3-266x400.jpg 266w, https:\/\/promoaviles.net\/2024\/wp-content\/uploads\/2017\/08\/cuentos-y-relatos3-e1736498469111.jpg 300w\" sizes=\"auto, (max-width: 466px) 100vw, 466px\" \/><\/div><h2 class=\"woocommerce-loop-product__title\">Cuentos y Relatos<\/h2>\n<\/a><\/li>\n<li class=\"product type-product post-787 status-publish instock product_cat-literatura has-post-thumbnail taxable shipping-taxable product-type-external\">\n\t<a href=\"https:\/\/promoaviles.net\/2024\/product\/mirando-el-pasado\/\" class=\"woocommerce-LoopProduct-link\"><div class=\"loopProduct-image-wrap\"><div class=\"loopProduct-shadow\"><\/div><img loading=\"lazy\" decoding=\"async\" width=\"300\" height=\"450\" src=\"https:\/\/promoaviles.net\/2024\/wp-content\/uploads\/2024\/02\/mirando-el-pasado-e1736412443765.jpg\" class=\"attachment-odrin_medium_soft size-odrin_medium_soft\" alt=\"mirando-el-pasado\" \/><\/div><h2 class=\"woocommerce-loop-product__title\">Mirando el Pasado<\/h2>\n<\/a><\/li>\n<li class=\"product type-product post-791 status-publish instock product_cat-ensayo has-post-thumbnail taxable shipping-taxable product-type-external\">\n\t<a href=\"https:\/\/promoaviles.net\/2024\/product\/el-poder-para-que\/\" class=\"woocommerce-LoopProduct-link\"><div class=\"loopProduct-image-wrap\"><div class=\"loopProduct-shadow\"><\/div><img loading=\"lazy\" decoding=\"async\" width=\"466\" height=\"700\" src=\"https:\/\/promoaviles.net\/2024\/wp-content\/uploads\/2024\/02\/el-poder-para-que2-466x700.jpg\" class=\"attachment-odrin_medium_soft size-odrin_medium_soft\" alt=\"El poder para qu\u00e9\" srcset=\"https:\/\/promoaviles.net\/2024\/wp-content\/uploads\/2024\/02\/el-poder-para-que2-466x700.jpg 466w, https:\/\/promoaviles.net\/2024\/wp-content\/uploads\/2024\/02\/el-poder-para-que2-200x300.jpg 200w, https:\/\/promoaviles.net\/2024\/wp-content\/uploads\/2024\/02\/el-poder-para-que2-266x400.jpg 266w, https:\/\/promoaviles.net\/2024\/wp-content\/uploads\/2024\/02\/el-poder-para-que2.jpg 682w\" sizes=\"auto, (max-width: 466px) 100vw, 466px\" \/><\/div><h2 class=\"woocommerce-loop-product__title\">El Poder para qu\u00e9<\/h2>\n<\/a><\/li>\n<li class=\"product type-product post-793 status-publish last instock product_cat-literatura has-post-thumbnail taxable shipping-taxable product-type-external\">\n\t<a href=\"https:\/\/promoaviles.net\/2024\/product\/un-suenio-hecho-realidad\/\" class=\"woocommerce-LoopProduct-link\"><div class=\"loopProduct-image-wrap\"><div class=\"loopProduct-shadow\"><\/div><img loading=\"lazy\" decoding=\"async\" width=\"466\" height=\"700\" src=\"https:\/\/promoaviles.net\/2024\/wp-content\/uploads\/2024\/02\/un-suenio-hecho-realidad2-466x700.jpg\" class=\"attachment-odrin_medium_soft size-odrin_medium_soft\" alt=\"Un sue\u00f1o hecho realidad\" srcset=\"https:\/\/promoaviles.net\/2024\/wp-content\/uploads\/2024\/02\/un-suenio-hecho-realidad2-466x700.jpg 466w, https:\/\/promoaviles.net\/2024\/wp-content\/uploads\/2024\/02\/un-suenio-hecho-realidad2-200x300.jpg 200w, https:\/\/promoaviles.net\/2024\/wp-content\/uploads\/2024\/02\/un-suenio-hecho-realidad2-266x400.jpg 266w, https:\/\/promoaviles.net\/2024\/wp-content\/uploads\/2024\/02\/un-suenio-hecho-realidad2-e1736587120860.jpg 300w\" sizes=\"auto, (max-width: 466px) 100vw, 466px\" \/><\/div><h2 class=\"woocommerce-loop-product__title\">Un Sue\u00f1o Hecho Realidad<\/h2>\n<\/a><\/li>\n<\/ul>\n<\/div>\t\t\r\n\t<\/div><!-- end featured-books-container -->\r\n\t\r\n<\/div> <!-- end FeaturedBooks --><\/div>\r\n\t\t<\/div>\r\n\t<\/div>\r\n\t<\/section>\r\n<\/p>\n","protected":false},"excerpt":{"rendered":"<p>\u00bfC\u00f3mo comprar? Instrucciones para la compra:Exclusivo para ColombiaPara realizar la compra de nuestros libros, debes consigna o transferir a la cuenta de ahorros de Bancolombia No 371-629808-75 a nombre de Manuel de Jes\u00fas Avil\u00e9s Mart\u00ednez.Si deseas adquirir un solo libro, consignas el varlor de $4.000 (Cuatro mil pesos MCTE).Si estas interesado en el Pack de&#8230;<\/p>\n","protected":false},"author":1,"featured_media":0,"parent":0,"menu_order":0,"comment_status":"closed","ping_status":"closed","template":"","meta":{"om_disable_all_campaigns":false,"_monsterinsights_skip_tracking":false,"_monsterinsights_sitenote_active":false,"_monsterinsights_sitenote_note":"","_monsterinsights_sitenote_category":0,"_uf_show_specific_survey":0,"_uf_disable_surveys":false,"footnotes":""},"class_list":["post-1018","page","type-page","status-publish","hentry"],"acf":[],"aioseo_notices":[],"_links":{"self":[{"href":"https:\/\/promoaviles.net\/2024\/wp-json\/wp\/v2\/pages\/1018","targetHints":{"allow":["GET"]}}],"collection":[{"href":"https:\/\/promoaviles.net\/2024\/wp-json\/wp\/v2\/pages"}],"about":[{"href":"https:\/\/promoaviles.net\/2024\/wp-json\/wp\/v2\/types\/page"}],"author":[{"embeddable":true,"href":"https:\/\/promoaviles.net\/2024\/wp-json\/wp\/v2\/users\/1"}],"replies":[{"embeddable":true,"href":"https:\/\/promoaviles.net\/2024\/wp-json\/wp\/v2\/comments?post=1018"}],"version-history":[{"count":21,"href":"https:\/\/promoaviles.net\/2024\/wp-json\/wp\/v2\/pages\/1018\/revisions"}],"predecessor-version":[{"id":1077,"href":"https:\/\/promoaviles.net\/2024\/wp-json\/wp\/v2\/pages\/1018\/revisions\/1077"}],"wp:attachment":[{"href":"https:\/\/promoaviles.net\/2024\/wp-json\/wp\/v2\/media?parent=1018"}],"curies":[{"name":"wp","href":"https:\/\/api.w.org\/{rel}","templated":true}]}}